{"id":1335,"date":"2026-03-25T13:08:09","date_gmt":"2026-03-25T13:08:09","guid":{"rendered":"https:\/\/aktivator.tore.enson.se\/?page_id=1335"},"modified":"2026-04-05T08:23:48","modified_gmt":"2026-04-05T08:23:48","slug":"mat-dryck","status":"publish","type":"page","link":"https:\/\/aktivatorpark.se\/de\/mat-dryck\/","title":{"rendered":"Essen &amp; Trinken"},"content":{"rendered":"<div data-elementor-type=\"wp-page\" data-elementor-id=\"1335\" class=\"elementor elementor-1335\" data-elementor-post-type=\"page\">\n\t\t\t\t<div class=\"elementor-element elementor-element-760b736 e-flex e-con-boxed e-con e-parent\" data-id=\"760b736\" data-element_type=\"container\" data-e-type=\"container\">\n\t\t\t\t\t<div class=\"e-con-inner\">\n\t\t<div class=\"elementor-element elementor-element-db601d1 e-con-full e-flex e-con e-child\" data-id=\"db601d1\" data-element_type=\"container\" data-e-type=\"container\">\n\t\t<div class=\"elementor-element elementor-element-383d435 e-con-full e-flex e-con e-child\" data-id=\"383d435\" data-element_type=\"container\" data-e-type=\"container\" data-settings=\"{&quot;background_background&quot;:&quot;classic&quot;}\">\n\t\t\t\t<div class=\"elementor-element elementor-element-0eaac89 elementor-widget elementor-widget-text-editor\" data-id=\"0eaac89\" data-element_type=\"widget\" data-e-type=\"widget\" data-widget_type=\"text-editor.default\">\n\t\t\t\t\t\t\t\t\t<p data-start=\"76\" data-end=\"149\"><strong data-start=\"76\" data-end=\"86\">Caf\u00e9<\/strong><br data-start=\"86\" data-end=\"89\" \/>In unserem Caf\u00e9 finden Sie Kaffee, Limonaden, Eis und Geb\u00e4ck.\u00a0<br \/>Das Caf\u00e9 ist immer ge\u00f6ffnet, wenn unser Personal vor Ort ist.<\/p><p data-start=\"151\" data-end=\"198\"><strong data-start=\"151\" data-end=\"167\">J\u00e4rnkrogen<br \/><\/strong>Nun besteht die M\u00f6glichkeit, diese absolut einzigartige Location zu mieten, die wundersch\u00f6n auf Genesmon gelegen ist, ca. 6 km vom Zentrum von \u00d6rnsk\u00f6ldsvik entfernt. Stadtnah und doch abgelegen in einer Meeresbucht an der gro\u00dfartigen Hohen K\u00fcste.<br \/><br data-start=\"167\" data-end=\"170\" \/><a href=\"\/de\/in-der-nahe\/jarnkrogen\/\">Mehr erfahren und buchen<\/a><\/p>\t\t\t\t\t\t\t\t<\/div>\n\t\t\t\t<\/div>\n\t\t<div class=\"elementor-element elementor-element-2b7ed52 e-con-full e-flex e-con e-child\" data-id=\"2b7ed52\" data-element_type=\"container\" data-e-type=\"container\" data-settings=\"{&quot;background_background&quot;:&quot;classic&quot;}\">\n\t\t\t\t<div class=\"elementor-element elementor-element-7d9facc elementor-widget elementor-widget-text-editor\" data-id=\"7d9facc\" data-element_type=\"widget\" data-e-type=\"widget\" data-widget_type=\"text-editor.default\">\n\t\t\t\t\t\t\t\t\t<p data-start=\"76\" data-end=\"149\"><strong data-start=\"235\" data-end=\"249\">Pizza bestellen<\/strong><br data-start=\"249\" data-end=\"252\" \/>Wir arbeiten mit einem lokalen Restaurant zusammen, das Salat und Pizza liefert, wenn mindestens vier Gerichte bestellt werden.<br \/>Die einfachste Bestellung ist in unserer Rezeption.<\/p>\t\t\t\t\t\t\t\t<\/div>\n\t\t\t\t<\/div>\n\t\t<div class=\"elementor-element elementor-element-cd1f736 e-con-full e-flex e-con e-child\" data-id=\"cd1f736\" data-element_type=\"container\" data-e-type=\"container\" data-settings=\"{&quot;background_background&quot;:&quot;classic&quot;}\">\n\t\t\t\t<div class=\"elementor-element elementor-element-a795c67 elementor-widget elementor-widget-text-editor\" data-id=\"a795c67\" data-element_type=\"widget\" data-e-type=\"widget\" data-widget_type=\"text-editor.default\">\n\t\t\t\t\t\t\t\t\t<p data-start=\"76\" data-end=\"149\"><strong data-start=\"357\" data-end=\"371\">Catering<\/strong><br data-start=\"371\" data-end=\"374\" \/>Sie k\u00f6nnen f\u00fcr Ihre Veranstaltung gerne eine beliebige Cateringfirma beauftragen. Wir arbeiten mit einigen zuverl\u00e4ssigen Unternehmen zusammen und helfen Ihnen gerne bei der Essensbestellung. Manchmal engagieren wir auch Grillmeister, die das Essen vor Ort zubereiten!<\/p>\t\t\t\t\t\t\t\t<\/div>\n\t\t\t\t<\/div>\n\t\t<div class=\"elementor-element elementor-element-5764542 e-con-full e-flex e-con e-child\" data-id=\"5764542\" data-element_type=\"container\" data-e-type=\"container\" data-settings=\"{&quot;background_background&quot;:&quot;classic&quot;}\">\n\t\t\t\t<div class=\"elementor-element elementor-element-630f6b5 elementor-widget elementor-widget-text-editor\" data-id=\"630f6b5\" data-element_type=\"widget\" data-e-type=\"widget\" data-widget_type=\"text-editor.default\">\n\t\t\t\t\t\t\t\t\t<p data-start=\"76\" data-end=\"149\"><strong data-start=\"357\" data-end=\"371\">Konferenz und Gruppen<\/strong><br data-start=\"371\" data-end=\"374\" \/>J\u00e4rnkrogen kann f\u00fcr Besprechungen und Konferenzen gebucht werden. Der Veranstaltungsort ist f\u00fcr 50 Personen zugelassen und ist ausgestattet mit: WLAN, Projektor, einer guten Soundanlage, K\u00fcche, Toilette, einer sch\u00f6nen Terrasse und einer holzbeheizten Sauna am Strand!<\/p>\t\t\t\t\t\t\t\t<\/div>\n\t\t\t\t<\/div>\n\t\t\t\t<\/div>\n\t\t<div class=\"elementor-element elementor-element-7d972c3 e-con-full e-flex e-con e-child\" data-id=\"7d972c3\" data-element_type=\"container\" data-e-type=\"container\" data-settings=\"{&quot;background_background&quot;:&quot;classic&quot;}\">\n\t\t\t\t<div class=\"elementor-element elementor-element-39c96f2 elementor-widget elementor-widget-image\" data-id=\"39c96f2\" data-element_type=\"widget\" data-e-type=\"widget\" data-widget_type=\"image.default\">\n\t\t\t\t\t\t\t\t\t\t\t\t\t\t\t<img fetchpriority=\"high\" decoding=\"async\" width=\"768\" height=\"1024\" src=\"https:\/\/aktivatorpark.se\/wp-content\/uploads\/2026\/03\/IMG_6312-768x1024.jpeg\" class=\"attachment-large size-large wp-image-1436\" alt=\"IMG\" srcset=\"https:\/\/aktivatorpark.se\/wp-content\/uploads\/2026\/03\/IMG_6312-768x1024.jpeg 768w, https:\/\/aktivatorpark.se\/wp-content\/uploads\/2026\/03\/IMG_6312-225x300.jpeg 225w, https:\/\/aktivatorpark.se\/wp-content\/uploads\/2026\/03\/IMG_6312-1152x1536.jpeg 1152w, https:\/\/aktivatorpark.se\/wp-content\/uploads\/2026\/03\/IMG_6312-1536x2048.jpeg 1536w, https:\/\/aktivatorpark.se\/wp-content\/uploads\/2026\/03\/IMG_6312.jpeg 1884w\" sizes=\"(max-width: 768px) 100vw, 768px\" \/>\t\t\t\t\t\t\t\t\t\t\t\t\t\t\t<\/div>\n\t\t\t\t<\/div>\n\t\t\t\t\t<\/div>\n\t\t\t\t<\/div>\n\t\t\t\t<\/div>","protected":false},"excerpt":{"rendered":"<p>Caf\u00e9I v\u00e5rt caf\u00e9 hittar ni kaffe, l\u00e4sk, glass och fikabr\u00f6d.\u00a0Caf\u00e9et \u00e4r alltid \u00f6ppet n\u00e4r v\u00e5r personal p\u00e5 plats. J\u00e4rnkrogenNu finns det m\u00f6jlighet att hyra denna helt unika lokal som ligger vackert bel\u00e4gen p\u00e5 Genesmon, ca 6 km fr\u00e5n centrala \u00d6rnsk\u00f6ldsvik. N\u00e4ra stan men \u00e4nd\u00e5 avsides i en havsvik i storslagna H\u00f6ga kusten.L\u00e4s mer och boka [&hellip;]<\/p>","protected":false},"author":2,"featured_media":0,"parent":0,"menu_order":0,"comment_status":"closed","ping_status":"closed","template":"","meta":{"slim_seo":{"title":"Mat & dryck - Aktivator Park","description":"Caf\u00e9 In unserem Caf\u00e9 finden Sie Kaffee, Erfrischungsgetr\u00e4nke, Eis und Geb\u00e4ck. Das Caf\u00e9 ist immer dann ge\u00f6ffnet, wenn unser Personal vor Ort ist. J\u00e4rnkrogen Jetzt besteht die M\u00f6glichkeit, dieses"},"footnotes":""},"class_list":["post-1335","page","type-page","status-publish","hentry"],"_links":{"self":[{"href":"https:\/\/aktivatorpark.se\/de\/wp-json\/wp\/v2\/pages\/1335","targetHints":{"allow":["GET"]}}],"collection":[{"href":"https:\/\/aktivatorpark.se\/de\/wp-json\/wp\/v2\/pages"}],"about":[{"href":"https:\/\/aktivatorpark.se\/de\/wp-json\/wp\/v2\/types\/page"}],"author":[{"embeddable":true,"href":"https:\/\/aktivatorpark.se\/de\/wp-json\/wp\/v2\/users\/2"}],"replies":[{"embeddable":true,"href":"https:\/\/aktivatorpark.se\/de\/wp-json\/wp\/v2\/comments?post=1335"}],"version-history":[{"count":16,"href":"https:\/\/aktivatorpark.se\/de\/wp-json\/wp\/v2\/pages\/1335\/revisions"}],"predecessor-version":[{"id":1898,"href":"https:\/\/aktivatorpark.se\/de\/wp-json\/wp\/v2\/pages\/1335\/revisions\/1898"}],"wp:attachment":[{"href":"https:\/\/aktivatorpark.se\/de\/wp-json\/wp\/v2\/media?parent=1335"}],"curies":[{"name":"wp","href":"https:\/\/api.w.org\/{rel}","templated":true}]}}