{"id":658,"date":"2026-02-26T08:49:08","date_gmt":"2026-02-26T08:49:08","guid":{"rendered":"https:\/\/aktivator.tore.enson.se\/?page_id=658"},"modified":"2026-02-26T08:49:08","modified_gmt":"2026-02-26T08:49:08","slug":"bedingungen","status":"publish","type":"page","link":"https:\/\/aktivatorpark.se\/de\/bedingungen\/","title":{"rendered":"Bedingungen"},"content":{"rendered":"<h2 class=\"wp-block-heading\">Buchungs- und Kaufbedingungen<\/h2>\n\n\n\n<h5 class=\"wp-block-heading\">Um bei Aktivator zu buchen, m\u00fcssen Sie die folgenden Voraussetzungen erf\u00fcllen<\/h5>\n\n\n\n<ul class=\"wp-block-list\">\n<li>Sie m\u00fcssen mindestens 18 Jahre alt sein oder in Begleitung eines Erziehungsberechtigten.<\/li>\n\n\n\n<li>Sie m\u00fcssen den Aktivator (zu Selbstkosten) bei Besch\u00e4digung oder Verlust ersetzen.<\/li>\n\n\n\n<li>Sie sind sich bewusst, dass alle Vermietungsaktivit\u00e4ten auf eigenes Risiko erfolgen.<\/li>\n\n\n\n<li>Aktivator \u00fcbernimmt keinerlei Haftung f\u00fcr Personen- oder Kleidungssch\u00e4den, die w\u00e4hrend der Mietzeit entstehen k\u00f6nnen.<\/li>\n\n\n\n<li>Seien Sie auf einen Ausweis bei jeder Art von Vermietung vorbereitet. Es reicht aus, wenn eine Person in der Gruppe \u00fcber 18 Jahre alt ist, sich ausweisen kann, und dann ist diese Person f\u00fcr die gesamte gemietete Ausr\u00fcstung verantwortlich.<\/li>\n\n\n\n<li>Durch die Annahme dieser Kaufbedingungen kommt ein verbindlicher Vertrag zustande. Bei Eingang der Buchung wird automatisch eine Buchungsbest\u00e4tigung per E-Mail mit Informationen zur Mietdauer versendet.<\/li>\n\n\n\n<li>Gem\u00e4\u00df des Datenschutzgesetzes mussen Sie der Erfassung Ihrer Daten zustimmen. Sie haben das Recht, die L\u00f6schung der Daten zu verlangen.<\/li>\n\n\n\n<li>Wir folgen den Empfehlungen des Allgemeinen Beschwerdeausschusses bei eventuellen Streitigkeiten.<\/li>\n\n\n\n<li>Sie stimmen zu, dass wir Ihnen E-Mails mit Buchungsbest\u00e4tigungen und Folge-E-Mails senden. Wir werden keine Newsletter oder andere E-Mails nach Ihrem Besuch bei uns versenden.<\/li>\n<\/ul>\n\n\n\n<h6 class=\"wp-block-heading\">Buchungsregeln<\/h6>\n\n\n\n<p>Wir bieten keine R\u00fcckerstattung f\u00fcr gebuchte Produkte. Wenn Sie die Umbuchungsgarantie w\u00e4hlen, k\u00f6nnen Sie Ihre Runde bis zu 6 Stunden vor Beginn der Tour umbuchen. Ausnahmen gelten bei Gewitter oder anderen Umst\u00e4nden, die das Klettern gef\u00e4hrlich machen k\u00f6nnten.<\/p>\n\n\n\n<h5 class=\"wp-block-heading\">Information<\/h5>\n\n\n\n<p>Telefon: +46702110304, E-Mail:&nbsp;<a href=\"mailto:info@aktivator.nu\">info@aktivator.nu<\/a><br>Organisationsnummer 556592-3421, Momsregistreringsnummer SE556592342101<\/p>\n\n\n\n<h5 class=\"wp-block-heading\">Kaufbedingungen<\/h5>\n\n\n\n<h6 class=\"wp-block-heading\">Unternehmensinformationen<\/h6>\n\n\n\n<p>www.aktivatorpark.se wird von Aktivator (Jur. KLB-Service AB) mit der Organisationsnummer 556592-3421, in Zusammenarbeit mit OutVentures AB, Organisationsnummer 559241-7819, bereitgestellt. Informationen und Bilder auf der Website sind Eigentum des Unternehmens oder des Partners und d\u00fcrfen nicht ohne Genehmigung kopiert werden.<\/p>\n\n\n\n<p><strong>Kontaktadresse<\/strong><br>Aktivator (Jur. KLB-Service AB) Fj\u00e4rdv\u00e4gen 9 894 31 Sj\u00e4levad<\/p>\n\n\n\n<h6 class=\"wp-block-heading\">Preise<\/h6>\n\n\n\n<p>Jede Ware wird inklusive Mehrwertsteuer in schwedischen Kronen angegeben. Im Warenkorb sehen Sie den Gesamtpreis inklusive aller Geb\u00fchren wie Mehrwertsteuer, Versand und Zahlungen.<\/p>\n\n\n\n<h6 class=\"wp-block-heading\">Zahlung<\/h6>\n\n\n\n<p>Die Bezahlung erfolgt \u00fcber die an der Kasse gew\u00e4hlte Zahlungsmethode. Die Zahlungsmethode wird von Bambora in Zusammenarbeit mit Partnern bereitgestellt.<\/p>\n\n\n\n<h6 class=\"wp-block-heading\">Kartbetalning<\/h6>\n\n\n\n<p>Kartenzahlung wird von Visa, MasterCard und Maestro akzeptiert. Die Abbuchung von Ihrer Zahlkarte erfolgt umgehend.<\/p>\n\n\n\n<h6 class=\"wp-block-heading\">Swish-Zahlung<\/h6>\n\n\n\n<p>Swish-Zahlungen werden an der Kasse akzeptiert. Erfahren Sie mehr und erhalten Sie Swish unter https:\/\/swish.nu. .<\/p>\n\n\n\n<h6 class=\"wp-block-heading\">Besch\u00e4digte Waren und Reklamationen<\/h6>\n\n\n\n<p>Wenn Sie mit der Aush\u00e4ndigung der Buchung beginnen, ist es wichtig, dass Sie \u00fcberpr\u00fcfen, ob die Produkte nicht besch\u00e4digt oder fehlerhaft sind. Sollte das Produkt fehlerhaft oder besch\u00e4digt sein, haben Sie Anspruch auf ein Ersatzprodukt, falls verf\u00fcgbar, andernfalls auf vollst\u00e4ndige R\u00fcckerstattung.<\/p>\n\n\n\n<p>Der Mieter ist daf\u00fcr verantwortlich, die Ausr\u00fcstung auf die bestm\u00f6gliche Art und Weise zu pflegen und zu nutzen. Bei offensichtlicher Nachl\u00e4ssigkeit oder Diebstahl haftet der Mieter f\u00fcr entstandene Sch\u00e4den oder Diebstahl.<\/p>\n\n\n\n<h6 class=\"wp-block-heading\">Widerrufsrecht und R\u00fcckgaberecht<\/h6>\n\n\n\n<p>Bezahlte Buchungen sind nicht erstattungsf\u00e4hig. Die Buchung kann bis zu sechs Stunden vor Beginn auf ein beliebiges Datum verschoben werden, wenn eine \u201dWettergarantie\u201d (Umbuchungsschutz) zur Buchung hinzugekauft wird. Eine vollst\u00e4ndige R\u00fcckerstattung erfolgt bei Wetterbedingungen, die die Aktivit\u00e4t ungeeignet oder gef\u00e4hrlich machen, z. B. Gewitter, Sturm oder andere Wetterbedingungen. Bei Krankheit wird der volle Betrag gegen Vorlage einer \u00e4rztlichen Bescheinigung erstattet.<\/p>\n\n\n\n<h6 class=\"wp-block-heading\">Datenverarbeitung<\/h6>\n\n\n\n<p>Um Ihre Bestellung entgegennehmen, bearbeiten und ausliefern zu k\u00f6nnen, verarbeitet Aktivator (Jur. KLB-Service AB) Ihre personenbezogenen Daten. Unsere gesamte Verarbeitung personenbezogener Daten erfolgt gem\u00e4\u00df der geltenden Gesetzgebung zum Schutz personenbezogener Daten. Weitere Informationen dar\u00fcber, wie wir Ihre personenbezogenen Daten verarbeiten, finden Sie in Anhang 1, Verarbeitung personenbezogener Daten.<\/p>\n\n\n\n<h6 class=\"wp-block-heading\">Kontakt &amp; Kundenservice<\/h6>\n\n\n\n<p>Kontaktieren Sie Aktivator (Jur. KLB-Service AB) per E-Mail: info@aktivator.nu<\/p>\n\n\n\n<h6 class=\"wp-block-heading\">Kekse<\/h6>\n\n\n\n<p>Ein Cookie ist eine Textdatei, die von einer Webseite an Ihren Computer gesendet und dort entweder im Speicher (Session-Cookies) oder als kleine Textdatei (textbasierte Cookies) gespeichert wird. Cookies werden verwendet, um z. B. Anmeldeinformationen oder Ihren Warenkorb zu speichern, w\u00e4hrend Sie auf verschiedenen Websites surfen. Wenn Ihr Browser so eingestellt ist, dass er keine Cookies akzeptiert, k\u00f6nnen Sie auf unserer Seite keine Bestellung aufgeben. Sie k\u00f6nnen dies einfach in den Einstellungen Ihres Browsers \u00e4ndern. Beachten Sie, dass wir keine Cookies verwenden, um pers\u00f6nliche Informationen \u00fcber Sie zu speichern.<\/p>\n\n\n\n<h6 class=\"wp-block-heading\">H\u00f6here Gewalt<\/h6>\n\n\n\n<p>H\u00f6here Gewalt wie Krieg, umfassende Arbeitsk\u00e4mpfe, Blockaden, Brand, Umweltkatastrophen, schwere Seuchen oder andere Umst\u00e4nde, die au\u00dferhalb der Kontrolle einer Partei liegen und sie daran hindern, ihre Verpflichtungen zu erf\u00fcllen, befreien diese Partei von ihrer Haftung. Eine solche Befreiung gilt unter der Voraussetzung, dass die T\u00e4tigkeit auch unter diesen Umst\u00e4nden nicht ausge\u00fcbt werden kann. Die Gegenpartei ist unverz\u00fcglich \u00fcber Umst\u00e4nde zu informieren, die die Anwendung dieser Bestimmung rechtfertigen k\u00f6nnten.<\/p>\n\n\n\n<h6 class=\"wp-block-heading\">\u00c4nderung der Vertragsbedingungen<\/h6>\n\n\n\n<p>Nachdem der Kunde einen Kauf abgeschlossen hat, ist der Verk\u00e4ufer nicht berechtigt, die Bedingungen des betreffenden Kaufs zu \u00e4ndern, sofern nichts anderes vereinbart wurde.<\/p>\n\n\n\n<h6 class=\"wp-block-heading\">Streitigkeiten &amp; Gesetze<\/h6>\n\n\n\n<p>Auf s\u00e4mtliche K\u00e4ufe gem\u00e4\u00df diesen Vertragsbedingungen findet das schwedische Recht Anwendung. Streitigkeiten aus K\u00e4ufen gem\u00e4\u00df diesen Vertragsbedingungen werden ausschlie\u00dflich von einem schwedischen Allgemeinen Gericht entschieden.<\/p>\n\n\n\n<h5 class=\"wp-block-heading\">Anhang 1, Verarbeitung personenbezogener Daten<\/h5>\n\n\n\n<p>Aktivator (Jur. KLB-Service AB), Org.-Nr. 556592-3421, verarbeitet personenbezogene Daten im Zusammenhang mit dem Handel auf www.aktivatorpark.se und ist f\u00fcr die Verarbeitung verantwortlich. Personenbezogene Daten werden verarbeitet, damit Aktivator (Jur. KLB-Service AB) seine Dienstleistungen erbringen kann, haupts\u00e4chlich zu folgenden Zwecken (\u201ddie Zwecke\u201d):<\/p>\n\n\n\n<ul class=\"wp-block-list\">\n<li>Um Ihr pers\u00f6nliches Konto zu erstellen und zu pflegen<\/li>\n\n\n\n<li>Um Ihre Bestellungen entgegenzunehmen und zu bearbeiten sowie Ihre Waren an Sie zu versenden.<\/li>\n\n\n\n<li>Um m\u00f6gliche Retouren zu bearbeiten.<\/li>\n\n\n\n<li>Um Ihnen SMS-Benachrichtigungen \u00fcber den Buchungsstatus zu senden.<\/li>\n\n\n\n<li>Um Ihre Fragen zu beantworten und Sie \u00fcber neue oder ge\u00e4nderte Dienste zu informieren.<\/li>\n\n\n\n<li>Um Marketingangebote wie Newsletter und Kataloge zu versenden.<\/li>\n\n\n\n<li>Um Ihnen Umfragen zuzusenden, die es Ihnen erm\u00f6glichen, das Angebot und die Dienstleistungen von Aktivator (Jur. KLB-Service AB) zu beeinflussen.<\/li>\n<\/ul>\n\n\n\n<p>Die verarbeiteten Daten sind die Daten, die Sie angeben, z. B. wenn Sie Bestellungen aufgeben, den Kundenservice kontaktieren oder \u00e4hnliches. Die von Ihnen angegebenen Daten umfassen z. B. Kontaktdaten, Lieferadresse und bestellte Waren (\u201dpersonenbezogene Daten\u201d). Die personenbezogenen Daten sind notwendig, damit Aktivator (Jur. KLB-Service AB) die Zwecke erreichen kann. Einige Informationen k\u00f6nnen auch aus \u00f6ffentlichen Registern oder anderen allgemein zug\u00e4nglichen Quellen erhoben werden.<\/p>\n\n\n\n<p>Die wichtigste Rechtsgrundlage f\u00fcr die Verarbeitung ist, dass die Verarbeitung f\u00fcr Aktivator ( Jur. KLB-Service AB) erforderlich ist, um seine Verpflichtungen gegen\u00fcber seinen Kunden zu erf\u00fcllen. Einige Verarbeitungen beruhen auch auf dem berechtigten Interesse von Aktivator ( Jur. KLB-Service AB), seine Gesch\u00e4fte auf effiziente und sichere Weise f\u00fchren zu k\u00f6nnen, sowie auf der Verpflichtung von Aktivator ( Jur. KLB-Service AB), gesetzliche Verpflichtungen zu erf\u00fcllen. Die pers\u00f6nlichen Daten k\u00f6nnen an Beh\u00f6rden und andere Parteien weitergegeben werden, die Aktivator ( Jur. KLB-Service AB) zur Erf\u00fcllung der Zwecke, z.B. f\u00fcr die Lieferung, einbezieht. Diese Parteien k\u00f6nnen ihren Sitz in L\u00e4ndern au\u00dferhalb der EU\/EWR haben. Wenn die Europ\u00e4ische Kommission nicht der Ansicht ist, dass das Land ein angemessenes Schutzniveau gew\u00e4hrleistet, wird die \u00dcbermittlung an den Dritten durch die Standardvertragsklauseln der Kommission f\u00fcr die \u00dcbermittlung personenbezogener Daten in ein Land au\u00dferhalb der EU\/des EWR unterst\u00fctzt, siehe Artikel 45-46 der Verordnung 2016\/679 (\u201dDSGVO\u201d). Diese Standardvertragsklauseln k\u00f6nnen hier eingesehen werden: http:\/\/ec.europa.eu\/justice\/data-protection\/international-transfers\/transfer\/. Die Verarbeitung der personenbezogenen Daten wird so lange fortgesetzt, wie es f\u00fcr die Erf\u00fcllung der Zwecke erforderlich ist oder solange Activator (Jur. KLB-Service AB) dazu verpflichtet ist. Danach werden die personenbezogenen Daten gel\u00f6scht.<\/p>\n\n\n\n<p>Wenn Sie Fragen zur Verarbeitung Ihrer personenbezogenen Daten haben, k\u00f6nnen Sie Aktivator (Jur. KLB-Service AB) unter info@aktivator.nu kontaktieren. Sie k\u00f6nnen diese Adresse auch verwenden, wenn Sie eines Ihrer Rechte als betroffene Person gem\u00e4\u00df der DSGVO aus\u00fcben m\u00f6chten. Bitte beachten Sie, dass die Rechte gem\u00e4\u00df der DSGVO nicht absolut sind und die Aus\u00fcbung eines Rechts daher nicht zwangsl\u00e4ufig zu einer Handlung f\u00fchrt.<\/p>\n\n\n\n<p>Ihre Rechte gem\u00e4\u00df der DSGVO umfassen Folgendes:<\/p>\n\n\n\n<ul class=\"wp-block-list\">\n<li>Recht auf Auskunft \u2013 Gem\u00e4\u00df Artikel 15 der DSGVO haben Sie das Recht, Auskunft \u00fcber Ihre personenbezogenen Daten und deren Verarbeitung zu erhalten. Diese Informationen finden Sie in diesem Dokument.<\/li>\n\n\n\n<li>Recht auf Berichtigung \u2013 Gem\u00e4\u00df Artikel 16 DSGVO haben Sie das Recht, Sie betreffende unrichtige personenbezogene Daten unverz\u00fcglich berichtigen zu lassen. Unter Ber\u00fccksichtigung der Zwecke der Verarbeitung haben Sie ferner das Recht, unvollst\u00e4ndige personenbezogene Daten vervollst\u00e4ndigen zu lassen.<\/li>\n\n\n\n<li>Recht auf L\u00f6schung (\u201dRecht auf Vergessenwerden\u201d) \u2013 Unter bestimmten Umst\u00e4nden haben Sie nach Artikel 17 DSGVO das Recht, Ihre personenbezogenen Daten l\u00f6schen zu lassen.<\/li>\n\n\n\n<li>Recht auf Einschr\u00e4nkung der Verarbeitung \u2013 Unter bestimmten Umst\u00e4nden haben Sie gem\u00e4\u00df Artikel 18 DSGVO das Recht, die Verarbeitung Ihrer personenbezogenen Daten einschr\u00e4nken zu lassen.<\/li>\n\n\n\n<li>Recht auf Daten\u00fcbertragbarkeit \u2013 Gem\u00e4\u00df Artikel 20 der DSGVO haben Sie das Recht, die personenbezogenen Daten in einem strukturierten, g\u00e4ngigen und maschinenlesbaren Format zu erhalten. Sie haben auch das Recht, diese Daten an einen anderen Verantwortlichen zu \u00fcbermitteln.<\/li>\n\n\n\n<li>Widerspruchsrecht \u2013 Gem\u00e4\u00df Artikel 21 der DSGVO haben Sie das Recht, der Verarbeitung bestimmter personenbezogener Daten zu widersprechen, beispielsweise wenn die Verarbeitung auf den berechtigten Interessen von Aktivator (Jur. KLB-Service AB) beruht.<\/li>\n\n\n\n<li>Schlie\u00dflich haben Sie auch das Recht, sich bei der Datenschutzbeh\u00f6rde zu beschweren, die unter datainspektionen@datainspektionen.se oder 08-657 61 00 erreichbar ist.<\/li>\n<\/ul>","protected":false},"excerpt":{"rendered":"<p>Boknings- och k\u00f6pvillkor F\u00f6r att Boka hos Aktivator m\u00e5ste man uppfylla f\u00f6ljande Bokningsregler Vi g\u00f6r inga \u00e5terbetalningar av bokad produkt. V\u00e4ljer du ombokningsgaranti kan du boka om din runda fram till 6 timmar innan turen startar. Undantag sker f\u00f6r \u00e5ska eller andra omst\u00e4ndigheter som kan g\u00f6ra kl\u00e4ttringen farlig. Info Telefon: +46702110304, Mail:&nbsp;info@aktivator.nuOrganisationsnummer 556592-3421, Momsregistreringsnummer SE556592342101 [&hellip;]<\/p>","protected":false},"author":2,"featured_media":0,"parent":0,"menu_order":0,"comment_status":"closed","ping_status":"closed","template":"","meta":{"slim_seo":{"title":"Villkor - Aktivator Park","description":"Buchungs- und Kaufbedingungen Um bei Aktivator zu buchen, m\u00fcssen folgende Buchungsregeln erf\u00fcllt sein. Wir nehmen keine R\u00fcckerstattungen f\u00fcr gebuchte Produkte vor. Wenn Sie eine Umbuchung w\u00e4hlen"},"footnotes":""},"class_list":["post-658","page","type-page","status-publish","hentry"],"_links":{"self":[{"href":"https:\/\/aktivatorpark.se\/de\/wp-json\/wp\/v2\/pages\/658","targetHints":{"allow":["GET"]}}],"collection":[{"href":"https:\/\/aktivatorpark.se\/de\/wp-json\/wp\/v2\/pages"}],"about":[{"href":"https:\/\/aktivatorpark.se\/de\/wp-json\/wp\/v2\/types\/page"}],"author":[{"embeddable":true,"href":"https:\/\/aktivatorpark.se\/de\/wp-json\/wp\/v2\/users\/2"}],"replies":[{"embeddable":true,"href":"https:\/\/aktivatorpark.se\/de\/wp-json\/wp\/v2\/comments?post=658"}],"version-history":[{"count":1,"href":"https:\/\/aktivatorpark.se\/de\/wp-json\/wp\/v2\/pages\/658\/revisions"}],"predecessor-version":[{"id":659,"href":"https:\/\/aktivatorpark.se\/de\/wp-json\/wp\/v2\/pages\/658\/revisions\/659"}],"wp:attachment":[{"href":"https:\/\/aktivatorpark.se\/de\/wp-json\/wp\/v2\/media?parent=658"}],"curies":[{"name":"wp","href":"https:\/\/api.w.org\/{rel}","templated":true}]}}