{"id":722,"date":"2026-02-27T10:18:26","date_gmt":"2026-02-27T10:18:26","guid":{"rendered":"https:\/\/aktivator.tore.enson.se\/?page_id=722"},"modified":"2026-04-01T12:02:58","modified_gmt":"2026-04-01T12:02:58","slug":"uber-uns","status":"publish","type":"page","link":"https:\/\/aktivatorpark.se\/de\/uber-uns\/","title":{"rendered":"\u00dcber uns"},"content":{"rendered":"<div data-elementor-type=\"wp-page\" data-elementor-id=\"722\" class=\"elementor elementor-722\" data-elementor-post-type=\"page\">\n\t\t\t\t<div class=\"elementor-element elementor-element-7bb8bc2e e-flex e-con-boxed e-con e-parent\" data-id=\"7bb8bc2e\" data-element_type=\"container\" data-e-type=\"container\">\n\t\t\t\t\t<div class=\"e-con-inner\">\n\t\t<div class=\"elementor-element elementor-element-b2ae5f0 e-con-full e-flex e-con e-child\" data-id=\"b2ae5f0\" data-element_type=\"container\" data-e-type=\"container\">\n\t\t<div class=\"elementor-element elementor-element-e2f61c3 e-con-full e-flex e-con e-child\" data-id=\"e2f61c3\" data-element_type=\"container\" data-e-type=\"container\">\n\t\t<div class=\"elementor-element elementor-element-5894124 e-con-full e-flex e-con e-child\" data-id=\"5894124\" data-element_type=\"container\" data-e-type=\"container\" data-settings=\"{&quot;background_background&quot;:&quot;classic&quot;}\">\n\t\t\t\t<div class=\"elementor-element elementor-element-3b34779 elementor-widget elementor-widget-text-editor\" data-id=\"3b34779\" data-element_type=\"widget\" data-e-type=\"widget\" data-widget_type=\"text-editor.default\">\n\t\t\t\t\t\t\t\t\t<h1 class=\"wp-block-heading\">Kontaktdaten<\/h1><p><strong>Telefon<\/strong> 066018777<br \/><strong>Mobil<\/strong> 070-2110304<br \/><strong>E-Mail:<\/strong> info@aktivator.nu<\/p><p><strong>B\u00fcro<\/strong><br \/>Aktivator (juridiskt namn: KLB-Service AB)<br \/>Fj\u00e4rdv\u00e4gen 9<br \/>894 31 Sj\u00e4levad<\/p><p><strong>Lager\/F\u00f6rr\u00e5d<\/strong><br \/>H\u00f6rn\u00e4sv\u00e4gen 87<br \/>\u00d6verh\u00f6rn\u00e4s<\/p>\t\t\t\t\t\t\t\t<\/div>\n\t\t\t\t<\/div>\n\t\t\t\t<\/div>\n\t\t<div class=\"elementor-element elementor-element-3b431cb e-con-full e-flex e-con e-child\" data-id=\"3b431cb\" data-element_type=\"container\" data-e-type=\"container\" data-settings=\"{&quot;background_background&quot;:&quot;classic&quot;}\">\n\t\t\t\t<div class=\"elementor-element elementor-element-e7c30a2 elementor-widget elementor-widget-text-editor\" data-id=\"e7c30a2\" data-element_type=\"widget\" data-e-type=\"widget\" data-widget_type=\"text-editor.default\">\n\t\t\t\t\t\t\t\t\t<h1 class=\"wp-block-heading\">\u00d6ffnungszeiten<\/h1><p>W\u00e4hrend der Hochsaison (20. Juni\u201314. August) ist der Park t\u00e4glich von 10.00 bis 17.00 Uhr ge\u00f6ffnet.<\/p><p>Restliche Jahreszeit <strong>Bockas<\/strong> Besuch \u00fcber <strong>Buchungskalender<\/strong>.<br \/>f\u00fcr <strong>Gruppenbuchungen,<\/strong> Kontaktieren Sie uns per Telefon oder E-Mail.<\/p>\t\t\t\t\t\t\t\t<\/div>\n\t\t\t\t<\/div>\n\t\t\t\t<\/div>\n\t\t\t\t\t<\/div>\n\t\t\t\t<\/div>\n\t\t<div class=\"elementor-element elementor-element-abcc791 e-flex e-con-boxed e-con e-parent\" data-id=\"abcc791\" data-element_type=\"container\" data-e-type=\"container\">\n\t\t\t\t\t<div class=\"e-con-inner\">\n\t\t\t\t<div class=\"elementor-element elementor-element-15ed807 elementor-widget elementor-widget-text-editor\" data-id=\"15ed807\" data-element_type=\"widget\" data-e-type=\"widget\" data-widget_type=\"text-editor.default\">\n\t\t\t\t\t\t\t\t\t<h1 class=\"wp-block-heading\"><strong>Wegbeschreibung zum Aktivator Park vom Parkplatz<\/strong><\/h1><p><strong>Bitte beachten Sie, dass es sich um einen Spaziergang von etwa 2-3 Minuten vom Parkplatz zum Abenteuerpark handelt.<\/strong> Folgen Sie dem ausgeschilderten Weg zu uns hinunter. Wenn Sie eine Stromleitung kreuzen, haben Sie noch die halbe Strecke vor sich. Es dauert auch eine Weile, sich anzumelden und die Kletterausr\u00fcstung anzulegen.<\/p><p><strong>Wir empfehlen daher, dass Sie mindestens 10 Minuten vor Ihrem gebuchten Termin vor Ort sind.<\/strong><\/p>\t\t\t\t\t\t\t\t<\/div>\n\t\t\t\t\t<\/div>\n\t\t\t\t<\/div>\n\t\t<div class=\"elementor-element elementor-element-ebdb110 e-flex e-con-boxed e-con e-parent\" data-id=\"ebdb110\" data-element_type=\"container\" data-e-type=\"container\">\n\t\t\t\t\t<div class=\"e-con-inner\">\n\t\t<div class=\"elementor-element elementor-element-eea22ad e-con-full e-flex e-con e-child\" data-id=\"eea22ad\" data-element_type=\"container\" data-e-type=\"container\">\n\t\t<div class=\"elementor-element elementor-element-c10d751 e-con-full e-flex e-con e-child\" data-id=\"c10d751\" data-element_type=\"container\" data-e-type=\"container\" data-settings=\"{&quot;background_background&quot;:&quot;classic&quot;}\">\n\t\t\t\t<div class=\"elementor-element elementor-element-e1f516d elementor-widget elementor-widget-text-editor\" data-id=\"e1f516d\" data-element_type=\"widget\" data-e-type=\"widget\" data-widget_type=\"text-editor.default\">\n\t\t\t\t\t\t\t\t\t<h2 class=\"wp-block-heading\">Wegbeschreibung<\/h2><p>Aktivator Park liegt etwa 6 km vom Zentrum von \u00d6rnsk\u00f6ldsvik entfernt.<br \/><strong>Mit dem Auto oder dem Fahrrad:<\/strong><\/p><p>Fahren Sie die Modov\u00e4gen in Richtung Domsj\u00f6 und folgen Sie der Beschilderung nach Genesmon, Gene Fornby und Aktivator Park. Parken Sie auf dem Parkplatz von Fornbyn.<br \/>Folgen Sie dann dem ausgeschilderten Weg zum Aktivator Park.<br \/>Man kann den ganzen Weg Rad fahren!<\/p><h3 class=\"wp-block-heading\">GPS-Daten:<\/h3><p>Koordinaten: 63\u00b014\u201959.7\u2033N 18\u00b041\u201933.9\u2033E<br \/>Breitengrad\/L\u00e4ngengrad: 63,2499222, 18,6927587<\/p><p>Du kan ocks\u00e5 s\u00f6ka p\u00e5 Aktivator Park i <a href=\"https:\/\/goo.gl\/maps\/udbUYGrcLzqgxy8HA\">Google Maps<\/a>.<\/p><p>Sie k\u00f6nnen auch Pension\u00e4rsgatan in Ihr GPS eingeben und dann den Schildern folgen.<\/p>\t\t\t\t\t\t\t\t<\/div>\n\t\t\t\t<\/div>\n\t\t\t\t<\/div>\n\t\t<div class=\"elementor-element elementor-element-6028a8b e-con-full e-flex e-con e-child\" data-id=\"6028a8b\" data-element_type=\"container\" data-e-type=\"container\">\n\t\t<div class=\"elementor-element elementor-element-4661686 e-con-full e-flex e-con e-child\" data-id=\"4661686\" data-element_type=\"container\" data-e-type=\"container\" data-settings=\"{&quot;background_background&quot;:&quot;classic&quot;}\">\n\t\t\t\t<div class=\"elementor-element elementor-element-fbf044a elementor-widget elementor-widget-text-editor\" data-id=\"fbf044a\" data-element_type=\"widget\" data-e-type=\"widget\" data-widget_type=\"text-editor.default\">\n\t\t\t\t\t\t\t\t\t<h2 class=\"wp-block-heading\">Parkplatz<\/h2><p>Der Parkplatz ist als Parkplatz f\u00fcr Gene Fornby und das Freilichtmuseum Gene Smons ausgewiesen.<\/p><h3 class=\"wp-block-heading\">GPS-Daten:<\/h3><p>63\u00b015\u201908.3\u2033N 18\u00b041\u201956.9\u2033E<br \/>Breitengrad\/L\u00e4ngengrad: 63.252293, 18.699129<\/p><p>Sie k\u00f6nnen auch auf dem Parkplatz in Google Maps suchen.<\/p>\t\t\t\t\t\t\t\t<\/div>\n\t\t\t\t<div class=\"elementor-element elementor-element-df63e55 elementor-widget elementor-widget-image\" data-id=\"df63e55\" data-element_type=\"widget\" data-e-type=\"widget\" data-widget_type=\"image.default\">\n\t\t\t\t\t\t\t\t\t\t\t\t\t\t\t\t<a href=\"https:\/\/aktivatorpark.se\/wp-content\/uploads\/2026\/03\/image-2-777x10241-1.webp\" data-elementor-open-lightbox=\"yes\" data-elementor-lightbox-title=\"Karta\" data-e-action-hash=\"#elementor-action%3Aaction%3Dlightbox%26settings%3DeyJpZCI6MTMxNiwidXJsIjoiaHR0cHM6XC9cL2FrdGl2YXRvcnBhcmsuc2VcL3dwLWNvbnRlbnRcL3VwbG9hZHNcLzIwMjZcLzAzXC9pbWFnZS0yLTc3N3gxMDI0MS0xLndlYnAifQ%3D%3D\">\n\t\t\t\t\t\t\t<img fetchpriority=\"high\" decoding=\"async\" width=\"768\" height=\"1012\" src=\"https:\/\/aktivatorpark.se\/wp-content\/uploads\/2026\/03\/image-2-777x10241-1-768x1012.webp\" class=\"attachment-medium_large size-medium_large wp-image-1316\" alt=\"Karte\" srcset=\"https:\/\/aktivatorpark.se\/wp-content\/uploads\/2026\/03\/image-2-777x10241-1-768x1012.webp 768w, https:\/\/aktivatorpark.se\/wp-content\/uploads\/2026\/03\/image-2-777x10241-1-228x300.webp 228w, https:\/\/aktivatorpark.se\/wp-content\/uploads\/2026\/03\/image-2-777x10241-1.webp 777w\" sizes=\"(max-width: 768px) 100vw, 768px\" \/>\t\t\t\t\t\t\t\t<\/a>\n\t\t\t\t\t\t\t\t\t\t\t\t\t\t\t<\/div>\n\t\t\t\t<\/div>\n\t\t\t\t<\/div>\n\t\t\t\t\t<\/div>\n\t\t\t\t<\/div>\n\t\t<div class=\"elementor-element elementor-element-8603595 e-flex e-con-boxed e-con e-parent\" data-id=\"8603595\" data-element_type=\"container\" data-e-type=\"container\">\n\t\t\t\t\t<div class=\"e-con-inner\">\n\t\t<div class=\"elementor-element elementor-element-45b9749 e-con-full e-flex e-con e-child\" data-id=\"45b9749\" data-element_type=\"container\" data-e-type=\"container\">\n\t\t<div class=\"elementor-element elementor-element-f49edba e-con-full e-flex e-con e-child\" data-id=\"f49edba\" data-element_type=\"container\" data-e-type=\"container\" data-settings=\"{&quot;background_background&quot;:&quot;classic&quot;}\">\n\t\t\t\t<div class=\"elementor-element elementor-element-e25fb27 elementor-widget elementor-widget-text-editor\" data-id=\"e25fb27\" data-element_type=\"widget\" data-e-type=\"widget\" data-widget_type=\"text-editor.default\">\n\t\t\t\t\t\t\t\t\t<h2 class=\"wp-block-heading\">Bus<\/h2><p>Ta <strong>Bus 401<\/strong> vom Zentrum und steigen Sie aus bei <br \/><strong>Haltestelle: Nybyggarev\u00e4gen<\/strong>.<br \/>Von dort sind es etwas mehr als einen Kilometer zu Fu\u00df \u00fcber Genes\u00e5sv\u00e4gen und Pension\u00e4rsgatan. Folgen Sie der Beschilderung zum Aktivator Park.<\/p>\t\t\t\t\t\t\t\t<\/div>\n\t\t\t\t<\/div>\n\t\t<div class=\"elementor-element elementor-element-b16778f e-con-full e-flex e-con e-child\" data-id=\"b16778f\" data-element_type=\"container\" data-e-type=\"container\" data-settings=\"{&quot;background_background&quot;:&quot;classic&quot;}\">\n\t\t\t\t<div class=\"elementor-element elementor-element-c601734 elementor-widget elementor-widget-text-editor\" data-id=\"c601734\" data-element_type=\"widget\" data-e-type=\"widget\" data-widget_type=\"text-editor.default\">\n\t\t\t\t\t\t\t\t\t<h2 class=\"wp-block-heading\">Wer sind wir<\/h2><p>Infos folgen in K\u00fcrze\u2026<\/p>\t\t\t\t\t\t\t\t<\/div>\n\t\t\t\t<\/div>\n\t\t<div class=\"elementor-element elementor-element-b2b9805 e-con-full e-flex e-con e-child\" data-id=\"b2b9805\" data-element_type=\"container\" data-e-type=\"container\" data-settings=\"{&quot;background_background&quot;:&quot;classic&quot;}\">\n\t\t\t\t<div class=\"elementor-element elementor-element-8bcb537 elementor-widget elementor-widget-text-editor\" data-id=\"8bcb537\" data-element_type=\"widget\" data-e-type=\"widget\" data-widget_type=\"text-editor.default\">\n\t\t\t\t\t\t\t\t\t<h2 class=\"wp-block-heading\">Danke f\u00fcr die Bilder und Filme!<\/h2><p>Krister G\u00f6ransson<br \/>Tomislav Lovric<br \/>120meter.se<br \/>Magnus Stenman<br \/>Magnus Nylander<br \/>Martin Persson<br \/>.Und alle Besucher, die Bilder geschickt haben!<\/p>\t\t\t\t\t\t\t\t<\/div>\n\t\t\t\t<\/div>\n\t\t\t\t<\/div>\n\t\t<div class=\"elementor-element elementor-element-9753b75 e-con-full e-flex e-con e-child\" data-id=\"9753b75\" data-element_type=\"container\" data-e-type=\"container\">\n\t\t<div class=\"elementor-element elementor-element-c00d142 e-con-full e-flex e-con e-child\" data-id=\"c00d142\" data-element_type=\"container\" data-e-type=\"container\" data-settings=\"{&quot;background_background&quot;:&quot;classic&quot;}\">\n\t\t\t\t<div class=\"elementor-element elementor-element-2a1e07f elementor-widget elementor-widget-text-editor\" data-id=\"2a1e07f\" data-element_type=\"widget\" data-e-type=\"widget\" data-widget_type=\"text-editor.default\">\n\t\t\t\t\t\t\t\t\t<h1 class=\"wp-block-heading\">Nachhaltigkeit<\/h1><p>Bei Aktivator arbeiten wir kontinuierlich daran, unsere Nachhaltigkeitsarbeit weiterzuentwickeln.<\/p><p>Bei Bauarbeiten verwenden wir Methoden und Materialien, die B\u00e4ume und Boden sch\u00fctzen. Unsere Wege werden beschildert und mit Hackschnitzeln pr\u00e4pariert, um die Abnutzung von Wurzeln und Boden zu minimieren.<\/p><p>Bei der Auswahl von Rohstoffen und Lebensmitteln ber\u00fccksichtigen wir stets Nachhaltigkeit, unter anderem um Verschwendung zu reduzieren.<\/p><p>An unserer Lagerimmobilie in \u00d6verh\u00f6rn\u00e4s haben wir in eine Solaranlage investiert.<\/p><p>Wir informieren unsere Kunden \u00fcber die M\u00f6glichkeit, mit \u00f6ffentlichen Verkehrsmitteln oder mit dem Fahrrad zu uns zu kommen.<\/p><p>Wir haben einen Tarifvertrag.<\/p><p>Transport auf dem Gel\u00e4nde erfolgt mit unserem elektrischen Dreirad \u201dEl-H\u00e4st\u201d.\u201d<\/p>\t\t\t\t\t\t\t\t<\/div>\n\t\t\t\t<div class=\"elementor-element elementor-element-9d2448f elementor-widget elementor-widget-image\" data-id=\"9d2448f\" data-element_type=\"widget\" data-e-type=\"widget\" data-widget_type=\"image.default\">\n\t\t\t\t\t\t\t\t\t\t\t\t\t\t\t<img decoding=\"async\" width=\"768\" height=\"1024\" src=\"https:\/\/aktivatorpark.se\/wp-content\/uploads\/2026\/03\/IMG_6536-768x10241-1.webp\" class=\"attachment-large size-large wp-image-1317\" alt=\"\" srcset=\"https:\/\/aktivatorpark.se\/wp-content\/uploads\/2026\/03\/IMG_6536-768x10241-1.webp 768w, https:\/\/aktivatorpark.se\/wp-content\/uploads\/2026\/03\/IMG_6536-768x10241-1-225x300.webp 225w\" sizes=\"(max-width: 768px) 100vw, 768px\" \/>\t\t\t\t\t\t\t\t\t\t\t\t\t\t\t<\/div>\n\t\t\t\t<\/div>\n\t\t\t\t<\/div>\n\t\t\t\t\t<\/div>\n\t\t\t\t<\/div>\n\t\t\t\t<\/div>","protected":false},"excerpt":{"rendered":"<p>Kontaktuppgifter Telefon: 066018777Mobil: 070-2110304Mail: info@aktivator.nu KontorAktivator (juridiskt namn: KLB-Service AB)Fj\u00e4rdv\u00e4gen 9894 31 Sj\u00e4levad Lager\/F\u00f6rr\u00e5dH\u00f6rn\u00e4sv\u00e4gen 87\u00d6verh\u00f6rn\u00e4s \u00d6ppettider Under h\u00f6gs\u00e4song (20 Juni\u201314 augusti) \u00e4r parken \u00f6ppen dagligen mellan kl. 10.00\u201317.00. \u00d6vrig tid p\u00e5 \u00e5ret bokas bes\u00f6k via bokningskalendern.F\u00f6r gruppbokningar, kontakta oss via telefon eller e-post. Hitta till Aktivator Park fr\u00e5n parkeringen Observera att det \u00e4r en promenad [&hellip;]<\/p>","protected":false},"author":2,"featured_media":0,"parent":0,"menu_order":0,"comment_status":"closed","ping_status":"closed","template":"","meta":{"slim_seo":{"title":"Om oss - Aktivator Park","description":"Kontaktinformation Telefon: 066018777 Mobil: 070-2110304 E-Mail: info@aktivator.nu Kontor Aktivator (juristisk namn: KLB-Service AB) Fj\u00e4rdv\u00e4gen 9 894 31 Sj\u00e4levad La"},"footnotes":""},"class_list":["post-722","page","type-page","status-publish","hentry"],"_links":{"self":[{"href":"https:\/\/aktivatorpark.se\/de\/wp-json\/wp\/v2\/pages\/722","targetHints":{"allow":["GET"]}}],"collection":[{"href":"https:\/\/aktivatorpark.se\/de\/wp-json\/wp\/v2\/pages"}],"about":[{"href":"https:\/\/aktivatorpark.se\/de\/wp-json\/wp\/v2\/types\/page"}],"author":[{"embeddable":true,"href":"https:\/\/aktivatorpark.se\/de\/wp-json\/wp\/v2\/users\/2"}],"replies":[{"embeddable":true,"href":"https:\/\/aktivatorpark.se\/de\/wp-json\/wp\/v2\/comments?post=722"}],"version-history":[{"count":44,"href":"https:\/\/aktivatorpark.se\/de\/wp-json\/wp\/v2\/pages\/722\/revisions"}],"predecessor-version":[{"id":1824,"href":"https:\/\/aktivatorpark.se\/de\/wp-json\/wp\/v2\/pages\/722\/revisions\/1824"}],"wp:attachment":[{"href":"https:\/\/aktivatorpark.se\/de\/wp-json\/wp\/v2\/media?parent=722"}],"curies":[{"name":"wp","href":"https:\/\/api.w.org\/{rel}","templated":true}]}}