{"id":857,"date":"2026-03-16T12:27:32","date_gmt":"2026-03-16T12:27:32","guid":{"rendered":"https:\/\/aktivator.tore.enson.se\/?page_id=857"},"modified":"2026-04-04T12:08:26","modified_gmt":"2026-04-04T12:08:26","slug":"kontaktieren-sie-uns","status":"publish","type":"page","link":"https:\/\/aktivatorpark.se\/de\/kontaktieren-sie-uns\/","title":{"rendered":"Kontaktieren Sie uns"},"content":{"rendered":"<div data-elementor-type=\"wp-page\" data-elementor-id=\"857\" class=\"elementor elementor-857\" data-elementor-post-type=\"page\">\n\t\t\t\t<div class=\"elementor-element elementor-element-52cbb0c e-flex e-con-boxed e-con e-parent\" data-id=\"52cbb0c\" data-element_type=\"container\" data-e-type=\"container\">\n\t\t\t\t\t<div class=\"e-con-inner\">\n\t\t<div class=\"elementor-element elementor-element-ef3141b e-con-full e-flex e-con e-child\" data-id=\"ef3141b\" data-element_type=\"container\" data-e-type=\"container\">\n\t\t<div class=\"elementor-element elementor-element-e602da0 e-con-full e-flex e-con e-child\" data-id=\"e602da0\" data-element_type=\"container\" data-e-type=\"container\" data-settings=\"{&quot;background_background&quot;:&quot;classic&quot;}\">\n\t\t\t\t<div class=\"elementor-element elementor-element-e1f6967 elementor-widget elementor-widget-text-editor\" data-id=\"e1f6967\" data-element_type=\"widget\" data-e-type=\"widget\" data-widget_type=\"text-editor.default\">\n\t\t\t\t\t\t\t\t\t<p data-start=\"76\" data-end=\"149\"><strong data-start=\"76\" data-end=\"86\">B\u00fcro<\/strong><br data-start=\"86\" data-end=\"89\" \/>Aktivator (KLB-Service AB)<br data-start=\"115\" data-end=\"118\" \/>Fj\u00e4rdv\u00e4gen 9, 894 31 Sj\u00e4levad<\/p><p data-start=\"151\" data-end=\"198\"><strong data-start=\"151\" data-end=\"167\">Lager\/F\u00f6rr\u00e5d<\/strong><br data-start=\"167\" data-end=\"170\" \/>H\u00f6rn\u00e4sv\u00e4gen 87, \u00d6verh\u00f6rn\u00e4s<\/p>\t\t\t\t\t\t\t\t<\/div>\n\t\t\t\t<\/div>\n\t\t<div class=\"elementor-element elementor-element-aa4cfbc e-con-full e-flex e-con e-child\" data-id=\"aa4cfbc\" data-element_type=\"container\" data-e-type=\"container\" data-settings=\"{&quot;background_background&quot;:&quot;classic&quot;}\">\n\t\t\t\t<div class=\"elementor-element elementor-element-8ac15a8 elementor-widget elementor-widget-text-editor\" data-id=\"8ac15a8\" data-element_type=\"widget\" data-e-type=\"widget\" data-widget_type=\"text-editor.default\">\n\t\t\t\t\t\t\t\t\t<p data-start=\"76\" data-end=\"149\"><strong data-start=\"235\" data-end=\"249\">\u00d6ffnungszeiten<\/strong><br data-start=\"249\" data-end=\"252\" \/>Hochsaison (3.7.\u201314.8.): t\u00e4glich 10\u201317<br data-start=\"288\" data-end=\"291\" \/>\u00dcbrige Zeit: Buchung \u00fcber Kalender oder Kontakt f\u00fcr Gruppen<\/p>\t\t\t\t\t\t\t\t<\/div>\n\t\t\t\t<\/div>\n\t\t<div class=\"elementor-element elementor-element-5b3d7db e-con-full e-flex e-con e-child\" data-id=\"5b3d7db\" data-element_type=\"container\" data-e-type=\"container\" data-settings=\"{&quot;background_background&quot;:&quot;classic&quot;}\">\n\t\t\t\t<div class=\"elementor-element elementor-element-2b9ba62 elementor-widget elementor-widget-text-editor\" data-id=\"2b9ba62\" data-element_type=\"widget\" data-e-type=\"widget\" data-widget_type=\"text-editor.default\">\n\t\t\t\t\t\t\t\t\t<p data-start=\"76\" data-end=\"149\"><strong data-start=\"357\" data-end=\"371\">Nachhaltigkeit<\/strong><br data-start=\"371\" data-end=\"374\" \/>Wir arbeiten aktiv an nachhaltigen Entscheidungen in allen Bereichen, von Baumethoden und Materialien bis hin zu Lebensmitteln und Betrieb.<br data-start=\"465\" data-end=\"468\" \/>Wir minimieren die Umweltbelastung, setzen auf Solarenergie, f\u00f6rdern nachhaltiges Reisen und haben Tarifvertr\u00e4ge.<\/p>\t\t\t\t\t\t\t\t<\/div>\n\t\t\t\t<\/div>\n\t\t\t\t<\/div>\n\t\t<div class=\"elementor-element elementor-element-97e4a80 e-con-full e-flex e-con e-child\" data-id=\"97e4a80\" data-element_type=\"container\" data-e-type=\"container\" data-settings=\"{&quot;background_background&quot;:&quot;classic&quot;}\">\n\t\t\t\t<div class=\"elementor-element elementor-element-d25f7fd elementor-widget__width-inherit elementor-widget-mobile__width-inherit elementor-button-align-stretch elementor-widget elementor-widget-form\" data-id=\"d25f7fd\" data-element_type=\"widget\" data-e-type=\"widget\" data-settings=\"{&quot;step_next_label&quot;:&quot;N\\u00e4sta&quot;,&quot;step_previous_label&quot;:&quot;F\\u00f6reg\\u00e5ende&quot;,&quot;button_width&quot;:&quot;100&quot;,&quot;step_type&quot;:&quot;number_text&quot;,&quot;step_icon_shape&quot;:&quot;circle&quot;}\" data-widget_type=\"form.default\">\n\t\t\t\t\t\t\t<form class=\"elementor-form\" method=\"post\" name=\"Aktiviteter\" aria-label=\"Aktivit\u00e4ten\" action=\"\">\n\t\t\t<input type=\"hidden\" name=\"post_id\" value=\"857\"\/>\n\t\t\t<input type=\"hidden\" name=\"form_id\" value=\"d25f7fd\"\/>\n\t\t\t<input type=\"hidden\" name=\"referer_title\" value=\"\" \/>\n\n\t\t\t\n\t\t\t<div class=\"elementor-form-fields-wrapper elementor-labels-above\">\n\t\t\t\t\t\t\t\t<div class=\"elementor-field-type-text elementor-field-group elementor-column elementor-field-group-name elementor-col-50 elementor-field-required elementor-mark-required\">\n\t\t\t\t\t\t\t\t\t\t\t\t<label for=\"form-field-name\" class=\"elementor-field-label\">\n\t\t\t\t\t\t\t\tName\t\t\t\t\t\t\t<\/label>\n\t\t\t\t\t\t\t\t\t\t\t\t\t\t<input size=\"1\" type=\"text\" name=\"form_fields[name]\" id=\"form-field-name\" class=\"elementor-field elementor-size-sm  elementor-field-textual\" placeholder=\"Name\" required=\"required\">\n\t\t\t\t\t\t\t\t\t\t\t<\/div>\n\t\t\t\t\t\t\t\t<div class=\"elementor-field-type-text elementor-field-group elementor-column elementor-field-group-foretag elementor-col-50\">\n\t\t\t\t\t\t\t\t\t\t\t\t<label for=\"form-field-foretag\" class=\"elementor-field-label\">\n\t\t\t\t\t\t\t\tUnternehmen\t\t\t\t\t\t\t<\/label>\n\t\t\t\t\t\t\t\t\t\t\t\t\t\t<input size=\"1\" type=\"text\" name=\"form_fields[foretag]\" id=\"form-field-foretag\" class=\"elementor-field elementor-size-sm  elementor-field-textual\" placeholder=\"Firmenname\">\n\t\t\t\t\t\t\t\t\t\t\t<\/div>\n\t\t\t\t\t\t\t\t<div class=\"elementor-field-type-email elementor-field-group elementor-column elementor-field-group-email elementor-col-50 elementor-field-required elementor-mark-required\">\n\t\t\t\t\t\t\t\t\t\t\t\t<label for=\"form-field-email\" class=\"elementor-field-label\">\n\t\t\t\t\t\t\t\tE-Mail\t\t\t\t\t\t\t<\/label>\n\t\t\t\t\t\t\t\t\t\t\t\t\t\t<input size=\"1\" type=\"email\" name=\"form_fields[email]\" id=\"form-field-email\" class=\"elementor-field elementor-size-sm  elementor-field-textual\" placeholder=\"E-Mail\" required=\"required\">\n\t\t\t\t\t\t\t\t\t\t\t<\/div>\n\t\t\t\t\t\t\t\t<div class=\"elementor-field-type-tel elementor-field-group elementor-column elementor-field-group-telefonnummer elementor-col-50 elementor-field-required elementor-mark-required\">\n\t\t\t\t\t\t\t\t\t\t\t\t<label for=\"form-field-telefonnummer\" class=\"elementor-field-label\">\n\t\t\t\t\t\t\t\tTelefonnummer\t\t\t\t\t\t\t<\/label>\n\t\t\t\t\t\t\t\t<input size=\"1\" type=\"tel\" name=\"form_fields[telefonnummer]\" id=\"form-field-telefonnummer\" class=\"elementor-field elementor-size-sm  elementor-field-textual\" placeholder=\"Telefonnummer\" required=\"required\" pattern=\"[0-9()#&amp;+*-=.]+\" title=\"Nur Ziffern und Telefonzeichen (#, -, * usw.) sind erlaubt.\">\n\n\t\t\t\t\t\t<\/div>\n\t\t\t\t\t\t\t\t<div class=\"elementor-field-type-textarea elementor-field-group elementor-column elementor-field-group-message elementor-col-100\">\n\t\t\t\t\t\t\t\t\t\t\t\t<label for=\"form-field-message\" class=\"elementor-field-label\">\n\t\t\t\t\t\t\t\tBotschaft\t\t\t\t\t\t\t<\/label>\n\t\t\t\t\t\t<textarea class=\"elementor-field-textual elementor-field  elementor-size-sm\" name=\"form_fields[message]\" id=\"form-field-message\" rows=\"4\" placeholder=\"Botschaft\"><\/textarea>\t\t\t\t<\/div>\n\t\t\t\t\t\t\t\t<div class=\"elementor-field-type-checkbox elementor-field-group elementor-column elementor-field-group-field_39f7a16 elementor-col-100\">\n\t\t\t\t\t<div class=\"elementor-field-subgroup\"><span class=\"elementor-field-option\"><input type=\"checkbox\" value=\"Jag godk\u00e4nner att Aktivator Park anv\u00e4nder mina kontaktuppgifter och data i kontaktsyfte.\" id=\"form-field-field_39f7a16-0\" name=\"form_fields[field_39f7a16]\"> <label for=\"form-field-field_39f7a16-0\">Ich stimme zu, dass Aktivator Park meine Kontaktdaten und Daten zu Kontaktzwecken verwendet.<\/label><\/span><\/div>\t\t\t\t<\/div>\n\t\t\t\t\t\t\t\t<div class=\"elementor-field-type-html elementor-field-group elementor-column elementor-field-group-field_39f7a16 elementor-col-100\">\n\t\t\t\t\t<i>Wir antworten normalerweise innerhalb von 24 Stunden.\t\t\t\t<\/div>\n\t\t\t\t\t\t\t\t<div class=\"elementor-field-type-recaptcha_v3 elementor-field-group elementor-column elementor-field-group-field_ac4b352 elementor-col-100 recaptcha_v3-bottomright\">\n\t\t\t\t\t<div class=\"elementor-field\" id=\"form-field-field_ac4b352\"><div class=\"elementor-g-recaptcha\" data-sitekey=\"6LfD2J0sAAAAANAIfIqVAyHUBzABNlX9cWZwXR5C\" data-type=\"v3\" data-action=\"Form\" data-badge=\"bottomright\" data-size=\"invisible\"><\/div><\/div>\t\t\t\t<\/div>\n\t\t\t\t\t\t\t\t<div class=\"elementor-field-group elementor-column elementor-field-type-submit elementor-col-100 e-form__buttons\">\n\t\t\t\t\t<button class=\"elementor-button elementor-size-sm\" type=\"submit\">\n\t\t\t\t\t\t<span class=\"elementor-button-content-wrapper\">\n\t\t\t\t\t\t\t\t\t\t\t\t\t\t\t\t\t\t\t\t\t\t<span class=\"elementor-button-text\">Sende<\/span>\n\t\t\t\t\t\t\t\t\t\t\t\t\t<\/span>\n\t\t\t\t\t<\/button>\n\t\t\t\t<\/div>\n\t\t\t<\/div>\n\t\t<input type=\"hidden\" name=\"trp-form-language\" value=\"de\"\/><\/form>\n\t\t\t\t\t\t<\/div>\n\t\t\t\t<\/div>\n\t\t\t\t\t<\/div>\n\t\t\t\t<\/div>\n\t\t\t\t<\/div>","protected":false},"excerpt":{"rendered":"<p>KontorAktivator (KLB-Service AB)Fj\u00e4rdv\u00e4gen 9, 894 31 Sj\u00e4levad Lager\/F\u00f6rr\u00e5dH\u00f6rn\u00e4sv\u00e4gen 87, \u00d6verh\u00f6rn\u00e4s \u00d6ppettiderH\u00f6gs\u00e4song (3\/7\u201314\/8): dagligen 10\u201317\u00d6vrig tid: bokning via kalender eller kontakt f\u00f6r grupper H\u00e5llbarhetVi arbetar aktivt med h\u00e5llbara val i allt fr\u00e5n byggmetoder och material till mat och drift.Vi minimerar slitage i naturen, satsar p\u00e5 solenergi, uppmuntrar h\u00e5llbara resor och har kollektivavtal.<\/p>","protected":false},"author":2,"featured_media":0,"parent":0,"menu_order":0,"comment_status":"closed","ping_status":"closed","template":"","meta":{"slim_seo":{"title":"Kontakta oss - Aktivator Park","description":"Kontor Aktivator (KLB-Service AB) Fj\u00e4rdv\u00e4gen 9, 894 31 Sj\u00e4levad Lager\/F\u00f6rr\u00e5d H\u00f6rn\u00e4sv\u00e4gen 87, \u00d6verh\u00f6rn\u00e4s \u00d6ffnungszeiten Hochsaison (3.7.\u201314.8.): t\u00e4glich 10\u201317 \u00dcbrige Zeit"},"footnotes":""},"class_list":["post-857","page","type-page","status-publish","hentry"],"_links":{"self":[{"href":"https:\/\/aktivatorpark.se\/de\/wp-json\/wp\/v2\/pages\/857","targetHints":{"allow":["GET"]}}],"collection":[{"href":"https:\/\/aktivatorpark.se\/de\/wp-json\/wp\/v2\/pages"}],"about":[{"href":"https:\/\/aktivatorpark.se\/de\/wp-json\/wp\/v2\/types\/page"}],"author":[{"embeddable":true,"href":"https:\/\/aktivatorpark.se\/de\/wp-json\/wp\/v2\/users\/2"}],"replies":[{"embeddable":true,"href":"https:\/\/aktivatorpark.se\/de\/wp-json\/wp\/v2\/comments?post=857"}],"version-history":[{"count":20,"href":"https:\/\/aktivatorpark.se\/de\/wp-json\/wp\/v2\/pages\/857\/revisions"}],"predecessor-version":[{"id":1884,"href":"https:\/\/aktivatorpark.se\/de\/wp-json\/wp\/v2\/pages\/857\/revisions\/1884"}],"wp:attachment":[{"href":"https:\/\/aktivatorpark.se\/de\/wp-json\/wp\/v2\/media?parent=857"}],"curies":[{"name":"wp","href":"https:\/\/api.w.org\/{rel}","templated":true}]}}