{"id":1335,"date":"2026-03-25T13:08:09","date_gmt":"2026-03-25T13:08:09","guid":{"rendered":"https:\/\/aktivator.tore.enson.se\/?page_id=1335"},"modified":"2026-04-05T08:23:48","modified_gmt":"2026-04-05T08:23:48","slug":"dry-drink","status":"publish","type":"page","link":"https:\/\/aktivatorpark.se\/en\/dry-drink\/","title":{"rendered":"Food &amp; Drink"},"content":{"rendered":"<div data-elementor-type=\"wp-page\" data-elementor-id=\"1335\" class=\"elementor elementor-1335\" data-elementor-post-type=\"page\">\n\t\t\t\t<div class=\"elementor-element elementor-element-760b736 e-flex e-con-boxed e-con e-parent\" data-id=\"760b736\" data-element_type=\"container\" data-e-type=\"container\">\n\t\t\t\t\t<div class=\"e-con-inner\">\n\t\t<div class=\"elementor-element elementor-element-db601d1 e-con-full e-flex e-con e-child\" data-id=\"db601d1\" data-element_type=\"container\" data-e-type=\"container\">\n\t\t<div class=\"elementor-element elementor-element-383d435 e-con-full e-flex e-con e-child\" data-id=\"383d435\" data-element_type=\"container\" data-e-type=\"container\" data-settings=\"{&quot;background_background&quot;:&quot;classic&quot;}\">\n\t\t\t\t<div class=\"elementor-element elementor-element-0eaac89 elementor-widget elementor-widget-text-editor\" data-id=\"0eaac89\" data-element_type=\"widget\" data-e-type=\"widget\" data-widget_type=\"text-editor.default\">\n\t\t\t\t\t\t\t\t\t<p data-start=\"76\" data-end=\"149\"><strong data-start=\"76\" data-end=\"86\">Coffee<\/strong><br data-start=\"86\" data-end=\"89\" \/>In our caf\u00e9, you'll find coffee, soda, ice cream, and pastries.\u00a0<br \/>The cafe is always open when our staff are on site.<\/p><p data-start=\"151\" data-end=\"198\"><strong data-start=\"151\" data-end=\"167\">Iron Tavern<br \/><\/strong>Now there is an opportunity to rent this completely unique space, beautifully located on Genesmon, approx. 6 km from central \u00d6rnsk\u00f6ldsvik. Close to the city yet secluded in a sea bay in the magnificent High Coast.<br \/><br data-start=\"167\" data-end=\"170\" \/><a href=\"\/en\/i-am-in-narita\/iron-hook\/\">Learn more and book<\/a><\/p>\t\t\t\t\t\t\t\t<\/div>\n\t\t\t\t<\/div>\n\t\t<div class=\"elementor-element elementor-element-2b7ed52 e-con-full e-flex e-con e-child\" data-id=\"2b7ed52\" data-element_type=\"container\" data-e-type=\"container\" data-settings=\"{&quot;background_background&quot;:&quot;classic&quot;}\">\n\t\t\t\t<div class=\"elementor-element elementor-element-7d9facc elementor-widget elementor-widget-text-editor\" data-id=\"7d9facc\" data-element_type=\"widget\" data-e-type=\"widget\" data-widget_type=\"text-editor.default\">\n\t\t\t\t\t\t\t\t\t<p data-start=\"76\" data-end=\"149\"><strong data-start=\"235\" data-end=\"249\">Order pizza<\/strong><br data-start=\"249\" data-end=\"252\" \/>We are collaborating with a local restaurant that offers delivery of salads and pizzas for orders of at least four dishes.<br \/>You can order most easily at our reception.<\/p>\t\t\t\t\t\t\t\t<\/div>\n\t\t\t\t<\/div>\n\t\t<div class=\"elementor-element elementor-element-cd1f736 e-con-full e-flex e-con e-child\" data-id=\"cd1f736\" data-element_type=\"container\" data-e-type=\"container\" data-settings=\"{&quot;background_background&quot;:&quot;classic&quot;}\">\n\t\t\t\t<div class=\"elementor-element elementor-element-a795c67 elementor-widget elementor-widget-text-editor\" data-id=\"a795c67\" data-element_type=\"widget\" data-e-type=\"widget\" data-widget_type=\"text-editor.default\">\n\t\t\t\t\t\t\t\t\t<p data-start=\"76\" data-end=\"149\"><strong data-start=\"357\" data-end=\"371\">Catering<\/strong><br data-start=\"371\" data-end=\"374\" \/>You are welcome to use any catering company for your event. We work with some reliable companies and would be happy to help you with food orders. We sometimes also hire grill masters who cook the food on-site!<\/p>\t\t\t\t\t\t\t\t<\/div>\n\t\t\t\t<\/div>\n\t\t<div class=\"elementor-element elementor-element-5764542 e-con-full e-flex e-con e-child\" data-id=\"5764542\" data-element_type=\"container\" data-e-type=\"container\" data-settings=\"{&quot;background_background&quot;:&quot;classic&quot;}\">\n\t\t\t\t<div class=\"elementor-element elementor-element-630f6b5 elementor-widget elementor-widget-text-editor\" data-id=\"630f6b5\" data-element_type=\"widget\" data-e-type=\"widget\" data-widget_type=\"text-editor.default\">\n\t\t\t\t\t\t\t\t\t<p data-start=\"76\" data-end=\"149\"><strong data-start=\"357\" data-end=\"371\">Conferences and Groups<\/strong><br data-start=\"371\" data-end=\"374\" \/>J\u00e4rnkrogen is perfectly suitable for booking for meetings and conferences. The venue is approved for 50 people and is equipped with: Wifi, projector, robust sound system, kitchen, toilet, a lovely veranda, and a wood-fired sauna by the beach!<\/p>\t\t\t\t\t\t\t\t<\/div>\n\t\t\t\t<\/div>\n\t\t\t\t<\/div>\n\t\t<div class=\"elementor-element elementor-element-7d972c3 e-con-full e-flex e-con e-child\" data-id=\"7d972c3\" data-element_type=\"container\" data-e-type=\"container\" data-settings=\"{&quot;background_background&quot;:&quot;classic&quot;}\">\n\t\t\t\t<div class=\"elementor-element elementor-element-39c96f2 elementor-widget elementor-widget-image\" data-id=\"39c96f2\" data-element_type=\"widget\" data-e-type=\"widget\" data-widget_type=\"image.default\">\n\t\t\t\t\t\t\t\t\t\t\t\t\t\t\t<img fetchpriority=\"high\" decoding=\"async\" width=\"768\" height=\"1024\" src=\"https:\/\/aktivatorpark.se\/wp-content\/uploads\/2026\/03\/IMG_6312-768x1024.jpeg\" class=\"attachment-large size-large wp-image-1436\" alt=\"IMG\" srcset=\"https:\/\/aktivatorpark.se\/wp-content\/uploads\/2026\/03\/IMG_6312-768x1024.jpeg 768w, https:\/\/aktivatorpark.se\/wp-content\/uploads\/2026\/03\/IMG_6312-225x300.jpeg 225w, https:\/\/aktivatorpark.se\/wp-content\/uploads\/2026\/03\/IMG_6312-1152x1536.jpeg 1152w, https:\/\/aktivatorpark.se\/wp-content\/uploads\/2026\/03\/IMG_6312-1536x2048.jpeg 1536w, https:\/\/aktivatorpark.se\/wp-content\/uploads\/2026\/03\/IMG_6312.jpeg 1884w\" sizes=\"(max-width: 768px) 100vw, 768px\" \/>\t\t\t\t\t\t\t\t\t\t\t\t\t\t\t<\/div>\n\t\t\t\t<\/div>\n\t\t\t\t\t<\/div>\n\t\t\t\t<\/div>\n\t\t\t\t<\/div>","protected":false},"excerpt":{"rendered":"<p>Caf\u00e9I v\u00e5rt caf\u00e9 hittar ni kaffe, l\u00e4sk, glass och fikabr\u00f6d.\u00a0Caf\u00e9et \u00e4r alltid \u00f6ppet n\u00e4r v\u00e5r personal p\u00e5 plats. J\u00e4rnkrogenNu finns det m\u00f6jlighet att hyra denna helt unika lokal som ligger vackert bel\u00e4gen p\u00e5 Genesmon, ca 6 km fr\u00e5n centrala \u00d6rnsk\u00f6ldsvik. N\u00e4ra stan men \u00e4nd\u00e5 avsides i en havsvik i storslagna H\u00f6ga kusten.L\u00e4s mer och boka [&hellip;]<\/p>","protected":false},"author":2,"featured_media":0,"parent":0,"menu_order":0,"comment_status":"closed","ping_status":"closed","template":"","meta":{"slim_seo":{"title":"Mat & dryck - Aktivator Park","description":"Our cafe offers coffee, soda, ice cream, and pastries. The cafe is always open when our staff is on site. J\u00e4rnkrogen You can now rent this"},"footnotes":""},"class_list":["post-1335","page","type-page","status-publish","hentry"],"_links":{"self":[{"href":"https:\/\/aktivatorpark.se\/en\/wp-json\/wp\/v2\/pages\/1335","targetHints":{"allow":["GET"]}}],"collection":[{"href":"https:\/\/aktivatorpark.se\/en\/wp-json\/wp\/v2\/pages"}],"about":[{"href":"https:\/\/aktivatorpark.se\/en\/wp-json\/wp\/v2\/types\/page"}],"author":[{"embeddable":true,"href":"https:\/\/aktivatorpark.se\/en\/wp-json\/wp\/v2\/users\/2"}],"replies":[{"embeddable":true,"href":"https:\/\/aktivatorpark.se\/en\/wp-json\/wp\/v2\/comments?post=1335"}],"version-history":[{"count":16,"href":"https:\/\/aktivatorpark.se\/en\/wp-json\/wp\/v2\/pages\/1335\/revisions"}],"predecessor-version":[{"id":1898,"href":"https:\/\/aktivatorpark.se\/en\/wp-json\/wp\/v2\/pages\/1335\/revisions\/1898"}],"wp:attachment":[{"href":"https:\/\/aktivatorpark.se\/en\/wp-json\/wp\/v2\/media?parent=1335"}],"curies":[{"name":"wp","href":"https:\/\/api.w.org\/{rel}","templated":true}]}}