{"id":722,"date":"2026-02-27T10:18:26","date_gmt":"2026-02-27T10:18:26","guid":{"rendered":"https:\/\/aktivator.tore.enson.se\/?page_id=722"},"modified":"2026-04-01T12:02:58","modified_gmt":"2026-04-01T12:02:58","slug":"about-us","status":"publish","type":"page","link":"https:\/\/aktivatorpark.se\/en\/about-us\/","title":{"rendered":"About us"},"content":{"rendered":"<div data-elementor-type=\"wp-page\" data-elementor-id=\"722\" class=\"elementor elementor-722\" data-elementor-post-type=\"page\">\n\t\t\t\t<div class=\"elementor-element elementor-element-7bb8bc2e e-flex e-con-boxed e-con e-parent\" data-id=\"7bb8bc2e\" data-element_type=\"container\" data-e-type=\"container\">\n\t\t\t\t\t<div class=\"e-con-inner\">\n\t\t<div class=\"elementor-element elementor-element-b2ae5f0 e-con-full e-flex e-con e-child\" data-id=\"b2ae5f0\" data-element_type=\"container\" data-e-type=\"container\">\n\t\t<div class=\"elementor-element elementor-element-e2f61c3 e-con-full e-flex e-con e-child\" data-id=\"e2f61c3\" data-element_type=\"container\" data-e-type=\"container\">\n\t\t<div class=\"elementor-element elementor-element-5894124 e-con-full e-flex e-con e-child\" data-id=\"5894124\" data-element_type=\"container\" data-e-type=\"container\" data-settings=\"{&quot;background_background&quot;:&quot;classic&quot;}\">\n\t\t\t\t<div class=\"elementor-element elementor-element-3b34779 elementor-widget elementor-widget-text-editor\" data-id=\"3b34779\" data-element_type=\"widget\" data-e-type=\"widget\" data-widget_type=\"text-editor.default\">\n\t\t\t\t\t\t\t\t\t<h1 class=\"wp-block-heading\">Contact Information<\/h1><p><strong>Telephone:<\/strong> 066018777<br \/><strong>Car<\/strong> 070-2110304<br \/><strong>Email<\/strong> info@aktivator.nu<\/p><p><strong>Office<\/strong><br \/>Aktivator (legal name: KLB-Service AB)<br \/>Fjordv\u00e4gen 9<br \/>894 31 Sj\u00e4levad<\/p><p><strong>Warehouse\/Storage<\/strong><br \/>H\u00f6rn\u00e4sv\u00e4gen 87<br \/>\u00d6verh\u00f6rn\u00e4s<\/p>\t\t\t\t\t\t\t\t<\/div>\n\t\t\t\t<\/div>\n\t\t\t\t<\/div>\n\t\t<div class=\"elementor-element elementor-element-3b431cb e-con-full e-flex e-con e-child\" data-id=\"3b431cb\" data-element_type=\"container\" data-e-type=\"container\" data-settings=\"{&quot;background_background&quot;:&quot;classic&quot;}\">\n\t\t\t\t<div class=\"elementor-element elementor-element-e7c30a2 elementor-widget elementor-widget-text-editor\" data-id=\"e7c30a2\" data-element_type=\"widget\" data-e-type=\"widget\" data-widget_type=\"text-editor.default\">\n\t\t\t\t\t\t\t\t\t<h1 class=\"wp-block-heading\">Opening hours<\/h1><p>During peak season (June 20\u2013August 14), the park is open daily from 10:00 AM to 5:00 PM.<\/p><p>Rest of the year <strong>mouths<\/strong> visit via <strong>booking calendar<\/strong>.<br \/>For <strong>group bookings,<\/strong> contact us by phone or email.<\/p>\t\t\t\t\t\t\t\t<\/div>\n\t\t\t\t<\/div>\n\t\t\t\t<\/div>\n\t\t\t\t\t<\/div>\n\t\t\t\t<\/div>\n\t\t<div class=\"elementor-element elementor-element-abcc791 e-flex e-con-boxed e-con e-parent\" data-id=\"abcc791\" data-element_type=\"container\" data-e-type=\"container\">\n\t\t\t\t\t<div class=\"e-con-inner\">\n\t\t\t\t<div class=\"elementor-element elementor-element-15ed807 elementor-widget elementor-widget-text-editor\" data-id=\"15ed807\" data-element_type=\"widget\" data-e-type=\"widget\" data-widget_type=\"text-editor.default\">\n\t\t\t\t\t\t\t\t\t<h1 class=\"wp-block-heading\"><strong>Directions to Aktivator Park from the parking lot<\/strong><\/h1><p><strong>Please note that it is about a 2\u20133 minute walk from the parking lot to the adventure park.<\/strong> Follow the signposted path down to us. When you cross a power line clearing, you have halfway to go. It also takes some time to register and get your climbing gear on.<\/p><p><strong>We therefore recommend that you be on-site at least 10 minutes before your scheduled appointment.<\/strong><\/p>\t\t\t\t\t\t\t\t<\/div>\n\t\t\t\t\t<\/div>\n\t\t\t\t<\/div>\n\t\t<div class=\"elementor-element elementor-element-ebdb110 e-flex e-con-boxed e-con e-parent\" data-id=\"ebdb110\" data-element_type=\"container\" data-e-type=\"container\">\n\t\t\t\t\t<div class=\"e-con-inner\">\n\t\t<div class=\"elementor-element elementor-element-eea22ad e-con-full e-flex e-con e-child\" data-id=\"eea22ad\" data-element_type=\"container\" data-e-type=\"container\">\n\t\t<div class=\"elementor-element elementor-element-c10d751 e-con-full e-flex e-con e-child\" data-id=\"c10d751\" data-element_type=\"container\" data-e-type=\"container\" data-settings=\"{&quot;background_background&quot;:&quot;classic&quot;}\">\n\t\t\t\t<div class=\"elementor-element elementor-element-e1f516d elementor-widget elementor-widget-text-editor\" data-id=\"e1f516d\" data-element_type=\"widget\" data-e-type=\"widget\" data-widget_type=\"text-editor.default\">\n\t\t\t\t\t\t\t\t\t<h2 class=\"wp-block-heading\">Directions<\/h2><p>Aktivator Park is located approximately 6 km from the center of \u00d6rnsk\u00f6ldsvik.<br \/><strong>By car or bicycle:<\/strong><\/p><p>Drive Modov\u00e4gen towards Domsj\u00f6 and follow signs for Genesmon, Gene Fornby, and Aktivator Park. Park in the Fornby parking lot.<br \/>Then follow the signposted path to Activator Park.<br \/>You can cycle all the way!<\/p><h3 class=\"wp-block-heading\">GPS data:<\/h3><p>Coordinates: 63\u00b014\u201959.7\u2033N 18\u00b041\u201933.9\u2033E<br \/>Lat\/Long: 63.2499222, 18.6927587<\/p><p>You can also search for Aktivator Park in <a href=\"https:\/\/goo.gl\/maps\/udbUYGrcLzqgxy8HA\">Google Maps<\/a>.<\/p><p>You can also type Pension\u00e4rsgatan into your GPS and then follow the signs.<\/p>\t\t\t\t\t\t\t\t<\/div>\n\t\t\t\t<\/div>\n\t\t\t\t<\/div>\n\t\t<div class=\"elementor-element elementor-element-6028a8b e-con-full e-flex e-con e-child\" data-id=\"6028a8b\" data-element_type=\"container\" data-e-type=\"container\">\n\t\t<div class=\"elementor-element elementor-element-4661686 e-con-full e-flex e-con e-child\" data-id=\"4661686\" data-element_type=\"container\" data-e-type=\"container\" data-settings=\"{&quot;background_background&quot;:&quot;classic&quot;}\">\n\t\t\t\t<div class=\"elementor-element elementor-element-fbf044a elementor-widget elementor-widget-text-editor\" data-id=\"fbf044a\" data-element_type=\"widget\" data-e-type=\"widget\" data-widget_type=\"text-editor.default\">\n\t\t\t\t\t\t\t\t\t<h2 class=\"wp-block-heading\">Parking<\/h2><p>The parking is marked as Parking for Gene Fornby and the Gene's-mon Archaeological Open-Air Museum.<\/p><h3 class=\"wp-block-heading\">GPS data:<\/h3><p>63\u00b015\u201908.3\u2033N 18\u00b041\u201956.9\u2033E<br \/>Latitude\/Longitude: 63.252293, 18.699129<\/p><p>You can also search for parking in Google Maps.<\/p>\t\t\t\t\t\t\t\t<\/div>\n\t\t\t\t<div class=\"elementor-element elementor-element-df63e55 elementor-widget elementor-widget-image\" data-id=\"df63e55\" data-element_type=\"widget\" data-e-type=\"widget\" data-widget_type=\"image.default\">\n\t\t\t\t\t\t\t\t\t\t\t\t\t\t\t\t<a href=\"https:\/\/aktivatorpark.se\/wp-content\/uploads\/2026\/03\/image-2-777x10241-1.webp\" data-elementor-open-lightbox=\"yes\" data-elementor-lightbox-title=\"Karta\" data-e-action-hash=\"#elementor-action%3Aaction%3Dlightbox%26settings%3DeyJpZCI6MTMxNiwidXJsIjoiaHR0cHM6XC9cL2FrdGl2YXRvcnBhcmsuc2VcL3dwLWNvbnRlbnRcL3VwbG9hZHNcLzIwMjZcLzAzXC9pbWFnZS0yLTc3N3gxMDI0MS0xLndlYnAifQ%3D%3D\">\n\t\t\t\t\t\t\t<img fetchpriority=\"high\" decoding=\"async\" width=\"768\" height=\"1012\" src=\"https:\/\/aktivatorpark.se\/wp-content\/uploads\/2026\/03\/image-2-777x10241-1-768x1012.webp\" class=\"attachment-medium_large size-medium_large wp-image-1316\" alt=\"Card\" srcset=\"https:\/\/aktivatorpark.se\/wp-content\/uploads\/2026\/03\/image-2-777x10241-1-768x1012.webp 768w, https:\/\/aktivatorpark.se\/wp-content\/uploads\/2026\/03\/image-2-777x10241-1-228x300.webp 228w, https:\/\/aktivatorpark.se\/wp-content\/uploads\/2026\/03\/image-2-777x10241-1.webp 777w\" sizes=\"(max-width: 768px) 100vw, 768px\" \/>\t\t\t\t\t\t\t\t<\/a>\n\t\t\t\t\t\t\t\t\t\t\t\t\t\t\t<\/div>\n\t\t\t\t<\/div>\n\t\t\t\t<\/div>\n\t\t\t\t\t<\/div>\n\t\t\t\t<\/div>\n\t\t<div class=\"elementor-element elementor-element-8603595 e-flex e-con-boxed e-con e-parent\" data-id=\"8603595\" data-element_type=\"container\" data-e-type=\"container\">\n\t\t\t\t\t<div class=\"e-con-inner\">\n\t\t<div class=\"elementor-element elementor-element-45b9749 e-con-full e-flex e-con e-child\" data-id=\"45b9749\" data-element_type=\"container\" data-e-type=\"container\">\n\t\t<div class=\"elementor-element elementor-element-f49edba e-con-full e-flex e-con e-child\" data-id=\"f49edba\" data-element_type=\"container\" data-e-type=\"container\" data-settings=\"{&quot;background_background&quot;:&quot;classic&quot;}\">\n\t\t\t\t<div class=\"elementor-element elementor-element-e25fb27 elementor-widget elementor-widget-text-editor\" data-id=\"e25fb27\" data-element_type=\"widget\" data-e-type=\"widget\" data-widget_type=\"text-editor.default\">\n\t\t\t\t\t\t\t\t\t<h2 class=\"wp-block-heading\">Bus<\/h2><p>Take <strong>bus 401<\/strong> from the center and get off at <br \/><strong>bus stop: Nybyggarev\u00e4gen<\/strong>.<br \/>From there, it's a walk of just over a kilometer via Genes\u00e5sv\u00e4gen and Pension\u00e4rsgatan. Follow the signs to Aktivator Park.<\/p>\t\t\t\t\t\t\t\t<\/div>\n\t\t\t\t<\/div>\n\t\t<div class=\"elementor-element elementor-element-b16778f e-con-full e-flex e-con e-child\" data-id=\"b16778f\" data-element_type=\"container\" data-e-type=\"container\" data-settings=\"{&quot;background_background&quot;:&quot;classic&quot;}\">\n\t\t\t\t<div class=\"elementor-element elementor-element-c601734 elementor-widget elementor-widget-text-editor\" data-id=\"c601734\" data-element_type=\"widget\" data-e-type=\"widget\" data-widget_type=\"text-editor.default\">\n\t\t\t\t\t\t\t\t\t<h2 class=\"wp-block-heading\">Who are we<\/h2><p>More information coming soon...<\/p>\t\t\t\t\t\t\t\t<\/div>\n\t\t\t\t<\/div>\n\t\t<div class=\"elementor-element elementor-element-b2b9805 e-con-full e-flex e-con e-child\" data-id=\"b2b9805\" data-element_type=\"container\" data-e-type=\"container\" data-settings=\"{&quot;background_background&quot;:&quot;classic&quot;}\">\n\t\t\t\t<div class=\"elementor-element elementor-element-8bcb537 elementor-widget elementor-widget-text-editor\" data-id=\"8bcb537\" data-element_type=\"widget\" data-e-type=\"widget\" data-widget_type=\"text-editor.default\">\n\t\t\t\t\t\t\t\t\t<h2 class=\"wp-block-heading\">Thanks for the pictures and videos!<\/h2><p>Krister G\u00f6ransson<br \/>Tomislav Lovric<br \/>120meter.se<br \/>Magnus Stenman<br \/>Magnus Nylander<br \/>Martin Persson<br \/>...And all visitors who have sent pictures!<\/p>\t\t\t\t\t\t\t\t<\/div>\n\t\t\t\t<\/div>\n\t\t\t\t<\/div>\n\t\t<div class=\"elementor-element elementor-element-9753b75 e-con-full e-flex e-con e-child\" data-id=\"9753b75\" data-element_type=\"container\" data-e-type=\"container\">\n\t\t<div class=\"elementor-element elementor-element-c00d142 e-con-full e-flex e-con e-child\" data-id=\"c00d142\" data-element_type=\"container\" data-e-type=\"container\" data-settings=\"{&quot;background_background&quot;:&quot;classic&quot;}\">\n\t\t\t\t<div class=\"elementor-element elementor-element-2a1e07f elementor-widget elementor-widget-text-editor\" data-id=\"2a1e07f\" data-element_type=\"widget\" data-e-type=\"widget\" data-widget_type=\"text-editor.default\">\n\t\t\t\t\t\t\t\t\t<h1 class=\"wp-block-heading\">Sustainability<\/h1><p>At Aktivator, we continuously work on developing our sustainability efforts.<\/p><p>During construction, we use methods and materials that protect the trees and the ground. Our paths are signposted and prepared with wood chips to minimize wear on roots and the ground.<\/p><p>When selecting raw materials and food, we always keep sustainability in mind, partly to reduce waste.<\/p><p>At our warehouse property in \u00d6verh\u00f6rn\u00e4s, we have invested in a solar panel system.<\/p><p>We inform our customers about the possibility of traveling by public transport or bicycle to our location.<\/p><p>We have collective agreements.<\/p><p>Transportation in the area is done with our electric three-wheeled \u201dEl-h\u00e4st\u201d.\u201d<\/p>\t\t\t\t\t\t\t\t<\/div>\n\t\t\t\t<div class=\"elementor-element elementor-element-9d2448f elementor-widget elementor-widget-image\" data-id=\"9d2448f\" data-element_type=\"widget\" data-e-type=\"widget\" data-widget_type=\"image.default\">\n\t\t\t\t\t\t\t\t\t\t\t\t\t\t\t<img decoding=\"async\" width=\"768\" height=\"1024\" src=\"https:\/\/aktivatorpark.se\/wp-content\/uploads\/2026\/03\/IMG_6536-768x10241-1.webp\" class=\"attachment-large size-large wp-image-1317\" alt=\"\" srcset=\"https:\/\/aktivatorpark.se\/wp-content\/uploads\/2026\/03\/IMG_6536-768x10241-1.webp 768w, https:\/\/aktivatorpark.se\/wp-content\/uploads\/2026\/03\/IMG_6536-768x10241-1-225x300.webp 225w\" sizes=\"(max-width: 768px) 100vw, 768px\" \/>\t\t\t\t\t\t\t\t\t\t\t\t\t\t\t<\/div>\n\t\t\t\t<\/div>\n\t\t\t\t<\/div>\n\t\t\t\t\t<\/div>\n\t\t\t\t<\/div>\n\t\t\t\t<\/div>","protected":false},"excerpt":{"rendered":"<p>Kontaktuppgifter Telefon: 066018777Mobil: 070-2110304Mail: info@aktivator.nu KontorAktivator (juridiskt namn: KLB-Service AB)Fj\u00e4rdv\u00e4gen 9894 31 Sj\u00e4levad Lager\/F\u00f6rr\u00e5dH\u00f6rn\u00e4sv\u00e4gen 87\u00d6verh\u00f6rn\u00e4s \u00d6ppettider Under h\u00f6gs\u00e4song (20 Juni\u201314 augusti) \u00e4r parken \u00f6ppen dagligen mellan kl. 10.00\u201317.00. \u00d6vrig tid p\u00e5 \u00e5ret bokas bes\u00f6k via bokningskalendern.F\u00f6r gruppbokningar, kontakta oss via telefon eller e-post. Hitta till Aktivator Park fr\u00e5n parkeringen Observera att det \u00e4r en promenad [&hellip;]<\/p>","protected":false},"author":2,"featured_media":0,"parent":0,"menu_order":0,"comment_status":"closed","ping_status":"closed","template":"","meta":{"slim_seo":{"title":"Om oss - Aktivator Park","description":"Contact Information\nPhone: 066018777\nMobile: 070-2110304\nEmail: info@aktivator.nu\nOffice\nAktivator (legal name: KLB-Service AB)\nFj\u00e4rdv\u00e4gen 9\n894 31 Sj\u00e4levad\nLa"},"footnotes":""},"class_list":["post-722","page","type-page","status-publish","hentry"],"_links":{"self":[{"href":"https:\/\/aktivatorpark.se\/en\/wp-json\/wp\/v2\/pages\/722","targetHints":{"allow":["GET"]}}],"collection":[{"href":"https:\/\/aktivatorpark.se\/en\/wp-json\/wp\/v2\/pages"}],"about":[{"href":"https:\/\/aktivatorpark.se\/en\/wp-json\/wp\/v2\/types\/page"}],"author":[{"embeddable":true,"href":"https:\/\/aktivatorpark.se\/en\/wp-json\/wp\/v2\/users\/2"}],"replies":[{"embeddable":true,"href":"https:\/\/aktivatorpark.se\/en\/wp-json\/wp\/v2\/comments?post=722"}],"version-history":[{"count":44,"href":"https:\/\/aktivatorpark.se\/en\/wp-json\/wp\/v2\/pages\/722\/revisions"}],"predecessor-version":[{"id":1824,"href":"https:\/\/aktivatorpark.se\/en\/wp-json\/wp\/v2\/pages\/722\/revisions\/1824"}],"wp:attachment":[{"href":"https:\/\/aktivatorpark.se\/en\/wp-json\/wp\/v2\/media?parent=722"}],"curies":[{"name":"wp","href":"https:\/\/api.w.org\/{rel}","templated":true}]}}